{"id":6550,"date":"2019-03-08T14:43:00","date_gmt":"2019-03-08T13:43:00","guid":{"rendered":"http:\/\/julietterobert.com\/?page_id=6550"},"modified":"2025-10-17T14:07:07","modified_gmt":"2025-10-17T13:07:07","slug":"about","status":"publish","type":"page","link":"https:\/\/julietterobert.com\/en\/about\/","title":{"rendered":"About"},"content":{"rendered":"<div  class=\"lgc-column lgc-grid-parent lgc-grid-50 lgc-tablet-grid-50 lgc-mobile-grid-100 lgc-equal-heights \"><div  class=\"inside-grid-column\"><br \/>\nI&#8217;ve been a freelancer for a few years. I&#8217;ve started in the music industry &#8212; rock, rap, hip hop, world &#8212; by coincidence or luck or both, and I&#8217;ve worked as much for music magazines as for artists and labels.<br \/>\nThen I met the freelance collective Youpress, and learned with them a real journalistic approach. From Kosovo to South Africa, via India, Kashmir, Lebanon, Guinea or Liberia ; covering elections, social or cultural issues, we collaborated with many magazines, Causette, Paris Match, Grazia, Marie-Claire, La Vie&#8230; and Sud-Ouest and World Sound, for whom I also wrote.<br \/>\n&nbsp;<br \/>\nAt the end of 2011, I joined the agency <a href=\"http:\/\/www.wostokpress.com\">Wostok<\/a>, to cover politics and news in France.<br \/>\n&nbsp;<br \/>\nIn September 2013, I quit Wostok and joined <a href=\"http:\/\/www.haythampictures.com\">Haytham Pictures<\/a>.<br \/>\nI covered the revolution in Ukraine in january and february 2014, and was based in Madagascar several months, between september 2014 and january 2015.<br \/>\n&nbsp;<br \/>\nSince the end of 2015, I&#8217;m based in Stockholm, where I cover local issues while nurturing my fascination for Caucasus and Central Asia. I also sometimes write my reports, for taking notes keeps my hands warm.<br \/>\nMy archives are distributed by <a href=\"http:\/\/www.agencerea.com\">REA agency<\/a>.<br \/>\n&nbsp;<br \/>\n<strong><span style=\"color: #000000;\">Collaborations:<\/span><\/strong><br \/>\n&nbsp;<br \/>\n* FRANCE : 6 Mois &#8211; GEO Magazine &#8211; Le Monde &#8211; Society Magazine &#8211; Le Parisien Magazine &#8211; NEON &#8211; L&#8217;OBS &#8211; Marie-Claire &#8211; Lib\u00e9ration &#8211; ELLE &#8211; Mediapart &#8211; Le Monde des Religions &#8211; <a href=\"http:\/\/www.ParisMatch.com\">Paris Match<\/a> &#8211; Reporterre &#8211; LesInrocks.com &#8211; La Croix &#8211; Terra Eco &#8211; So Film &#8211; Doolittle &#8211; Le Point &#8211; La Vie &#8211; Marianne &#8211; <a title=\"TV5\" href=\"http:\/\/www.TV5.org\" target=\"_blank\" rel=\"noopener noreferrer\">TV5.org<\/a> &#8211; le P\u00e9lerin &#8211; Jeune Afrique &#8211; Le Figaro &#8211; <a title=\"Causette Magazine\" href=\"http:\/\/www.causette.fr\/\" target=\"_blank\" rel=\"noopener noreferrer\">Causette<\/a> &#8211; <a title=\"A\/R\" href=\"http:\/\/www.ar-mag.fr\/\" target=\"_blank\" rel=\"noopener noreferrer\">A\/R<\/a> &#8211; Grazia &#8211; Geo Ado &#8211; Le Figaro Histoire &#8211; Famili &#8211; Femme Actuelle &#8211; Ouest-France &#8211; le JDD &#8211; Be &#8211; T\u00e9l\u00e9rama Sortir &#8211; <a href=\"http:\/\/www.sudouest.com\">Sud-Ouest<\/a> &#8211; Rue89 &#8211; La D\u00e9p\u00eache &#8211; Le T\u00e9l\u00e9gramme &#8211; <a href=\"http:\/\/www.temoignagechretien.fr\" target=\"_blank\" rel=\"noopener noreferrer\">T\u00e9moignage Chr\u00e9tien<\/a><br \/>\n&nbsp;<br \/>\n*INTERNATIONAL : <a href=\"https:\/\/www.nytimes.com\/2018\/11\/05\/lens\/the-women-priests-of-the-church-of-sweden.html\">The New York Times<\/a> &#8211; <a href=\"https:\/\/www.wsj.com\/world\/europe\/how-arctic-soldiers-train-for-what-they-fear-most-warm-weather-9a56575b\">The Wall Street Journal<\/a> &#8211; The Sunday Times &#8211; <a href=\"http:\/\/www.spiegel.de\/panorama\/gesellschaft\/schweden-immer-mehr-pastorinnen-in-der-evangelisch-lutherischen-kirche-a-1209338.html\">Der Spiegel Online<\/a> &#8211; Stern &#8211; <a href=\"http:\/\/www.sept.info\">Sept<\/a> &#8211; Marie Claire (Hungary, Holland, Thailand, Hong Kong) &#8211;  &#8211; <a href=\"https:\/\/www.thetimes.com\/culture\/tv-radio\/article\/dept-q-netflix-alexej-manvelov-t3fktg6kp\">The Times<\/a> &#8211; Human Right Watch &#8211; Axelle &#8211; Le Vif &#8211; Business Punk &#8211; Die Zeit &#8211; Courier &#8211; CS Monitor &#8211; l&#8217;Hebdo &#8211; La Cit\u00e9 &#8211; Le Courrier de Gen\u00e8ve<br \/>\n&nbsp;<br \/>\n*MUSIC : Hard Rock Annual &#8211; NME &#8211; <a href=\"http:\/\/www.worldsound.fr\">World Sound<\/a> &#8211; Trax &#8211; Rock One &#8211; <a href=\"http:\/\/www.rapmag.fr\" target=\"_blank\" rel=\"noopener noreferrer\">Rap Mag<\/a> &#8211; Rock Mag &#8211; Redux &#8211; Velvet &#8211; Tyler &#8211; Rock You<br \/>\n&nbsp;<br \/>\nFull time photographer and videographer (dec. 2009-may 2010) for Le Hiboo, including filming and editing concerts and acoustic sessions.<br \/>\n&nbsp;<br \/>\n&nbsp;<br \/>\n*Finalist of the Visa d&#8217;Or Digital Information, at Visa Pour l&#8217;Image festival 2023, with the project &#8220;<a href=\"http:\/\/&nbsp;\">Women to Kill<\/a>&#8221; for Mediapart.<br \/>\n*Nikon-Noor Academy Alumni &#8211; 2018<br \/>\n*&#8221;Coup de Coeur&#8221; at Freelens portfolio reviews and portfolio in  <a href=\"https:\/\/loeildelaphotographie.com\/en\/juliette-robert-frederique-founes-s-pick\/\">L&#8217;Oeil de la Photographie<\/a><br \/>\n*Portfolio in <a href=\"https:\/\/loeildelaphotographie.com\/en\/juliette-robert-half-widows-in-kashmir\/\">L&#8217;Oeil de la Photographie <\/a><br \/>\n*&#8221;Coup de C\u0153ur&#8221; of the National Editors Association (ANI) at Visa pour l&#8217;Image festival in 2011, for the <a href=\"http:\/\/julietterobert.com\/en\/2014\/03\/les-demi-veuves-du-cachemire\/\">Kashmiri Half Widows<\/a>\n<p>&nbsp;<br \/>\n<strong><font color=\"#000000\">Exhibitions\/screenings:<\/font><\/strong><br \/>\n&nbsp;<br \/>\n22.06.2019: Screening of &#8220;And God Ordained the Woman&#8221;, at the <a href=\"https:\/\/nuitdesimages.ch\/fr_CH\/programme\">Nuit des Images at the Mus\u00e9e de l&#8217;Elys\u00e9e in Lausanne<\/a>, with the Revue 6 Mois.<br \/>\n08.01.2018 &#8211; 03.02\/2018: Exhibition <a href=\"https:\/\/www.crl10.net\/blog\/une-identit%C3%A9-nomade-juliette-robert\">&#8220;Une identit\u00e9 Nomade&#8221; at the Grange aux Belles<\/a> in Paris<br \/>\n10.2017: Collective exhibition in the metro in Rennes <a href=\"http:\/\/www.clubpresse-bretagne.com\/temps-fort-clic-clac-lexposition-photo-club-a-rennes\/\">&#8220;Clic Clac&#8221;<\/a><br \/>\n06.2016: Selection of &#8220;Angola Rodeo Jail&#8221; at the Barrobjectif Photojournalism Festival<br \/>\n02.2015: Exhibitions &#8220;Je suis Charlie&#8221; with Haytham photographers at the townhalls of the 3rd and 10th districts in Paris<br \/>\n07.04.2014: Conference about young photojournalists, Le Havre.<br \/>\n06.04.2014: Screening and talk &#8220;Parole de Photographes&#8221; at the festival &#8220;L&#8217;Oeil Urbain&#8221; in Corbeil-Essonnes.<br \/>\n06-07.07.2012: Screening of &#8220;The Half-Widows of Kashmir&#8221; at <a href=\"http:\/\/www.lanuitdelaphoto.com\">la Nuit de la Photo<\/a> in Vannes and Auray.<br \/>\n11.06.2011: Screening of &#8220;Love Commandos&#8221; et &#8220;The Forgotten Exodus&#8221; at <a href=\"http:\/\/www.lanuitdelaphoto.com\">la Nuit de la Photo<\/a> in the antique Theater in Orange.<br \/>\n08.01.2010 \u2013 20.02.2010: \u00ab Portraits \u00bb Centre Culturel Jean Vilar \u2013 Marly le Roi &#8211; www.ccjeanvilar.fr<br \/>\n2006: &#8220;Ville, traces, mouvements&#8221; &#8211; Espace Confluences, Paris.<br \/>\n2004: &#8220;Backstage&#8221; &#8211; Th\u00e9atre de l\u2019Essa\u00efon and Cirque Electrique, Paris.<br \/>\n<\/p><\/div><\/div>\n<div  class=\"lgc-column lgc-grid-parent lgc-grid-50 lgc-tablet-grid-50 lgc-mobile-grid-100 lgc-equal-heights \"><div  class=\"inside-grid-column\"><br \/>\n<strong>Based in:<\/strong> Stockholm &#038; Paris<br \/>\n<strong><span style=\"color: #000000;\">Email :<\/span><\/strong> <a href=\"mailto:juliette.robert@gmail.com\">juliette.robert@gmail.com<\/a><br \/>\n<strong>Mob:<\/strong> <a href=\"tel:+33670933288\">+33 (0)670 93 32 88<\/a> (France)<br \/>\n<a href=\"tel:+46735893737\">+46 (0)73 589 37 37<\/a> (Sweden)<br \/>\n<br \/>\n<a href=\"https:\/\/www.womenphotograph.com\/europe\">Women Photograph<\/a> &#8211; <a href=\"https:\/\/www.facebook.com\/juliette.robert.9\">Facebook<\/a><br \/>\nTwitter : <a href=\"https:\/\/twitter.com\/Juliette_Robert\">@Juliette_Robert<\/a><br \/>\nInstagram : <a href=\"https:\/\/instagram.com\/juliette_robert\">Juliette_Robert<\/a><br \/>\nBlink.la : <a href=\"https:\/\/blink.la\/u\/juliette\">Juliette R<\/a><br \/>\n&nbsp;<br \/>\n<iframe style=\"border: none; overflow: hidden; width: 360px; max-width: 100%; height: 240px;\" src=\"\/\/www.blink.la\/widgets\/map\/u\/juliette?theme=blink\" frameborder=\"0\" scrolling=\"no\"><\/iframe>\n<p>&nbsp;<br \/>\n<strong><font color=\"#000000\">Promo shootings\/albums covers\/booklets:<\/font><\/strong><\/p>\n<p>* Poster for the creation &#8220;La Douche&#8221; Liquide parmi Liquide, by Zalie Bellacicco spring 2011.<br \/>\n* Promo portraits for Marie Modiano &#8211; February 2011<br \/>\n* Live promo pictures for <a href=\"http:\/\/www.yodelice.fr\">Yod\u00e9lice<\/a> &#8211; march 2009<br \/>\n* Poster for <a href=\"http:\/\/www.mademoisellek.fr\">Mademoiselle K<\/a> at the Alhambra march 2009<br \/>\n* Poster for the tour of Luke and Deportivo, 2005<br \/>\n* Fingerless &#8211; leave &#8211; <a href=\"http:\/\/www.gregsky.net\" target=\"_blank\" rel=\"noopener noreferrer\">gregsky<\/a> &#8211; Wildpath &#8211; Despo Rutti<\/p>\n<p>Still photographer on short movies (&#8220;I Hate Charlotte&#8221;, 2004) and musical videos<br \/>\n&nbsp;<br \/>\n&nbsp;<br \/>\n&nbsp;<br \/>\n<strong><font color=\"#000000\">CV express:<\/font><\/strong><br \/>\n* studies: gratuated bac S and photo school, 3 years of cinema studies at the university Paris VIII<br \/>\n* computers and me: adobe thingies, final cut pro, x-press, premiere + html, php, xml, css<br \/>\n* particular signs: writes and speaks english fluently. Understands Swedish and Russian on windy days.<br \/>\n* passions: Writing, black &#038; white, geeking, experimental video, grain, cinema, road-trips, trekking, blur, sailing&#8230;<br \/>\n* blog : <a href=\"http:\/\/jusjourney.tumblr.com\/\">jusjourney.tumblr.com<\/a><br \/>\n<\/p><\/div><\/div><div class=\"lgc-clear\"><\/div>\n","protected":false},"excerpt":{"rendered":"","protected":false},"author":1,"featured_media":0,"parent":0,"menu_order":10,"comment_status":"open","ping_status":"open","template":"","meta":{"footnotes":""},"class_list":["post-6550","page","type-page","status-publish","hentry"],"jetpack_shortlink":"https:\/\/wp.me\/PGmqD-1HE","_links":{"self":[{"href":"https:\/\/julietterobert.com\/en\/wp-json\/wp\/v2\/pages\/6550","targetHints":{"allow":["GET"]}}],"collection":[{"href":"https:\/\/julietterobert.com\/en\/wp-json\/wp\/v2\/pages"}],"about":[{"href":"https:\/\/julietterobert.com\/en\/wp-json\/wp\/v2\/types\/page"}],"author":[{"embeddable":true,"href":"https:\/\/julietterobert.com\/en\/wp-json\/wp\/v2\/users\/1"}],"replies":[{"embeddable":true,"href":"https:\/\/julietterobert.com\/en\/wp-json\/wp\/v2\/comments?post=6550"}],"version-history":[{"count":21,"href":"https:\/\/julietterobert.com\/en\/wp-json\/wp\/v2\/pages\/6550\/revisions"}],"predecessor-version":[{"id":8899,"href":"https:\/\/julietterobert.com\/en\/wp-json\/wp\/v2\/pages\/6550\/revisions\/8899"}],"wp:attachment":[{"href":"https:\/\/julietterobert.com\/en\/wp-json\/wp\/v2\/media?parent=6550"}],"curies":[{"name":"wp","href":"https:\/\/api.w.org\/{rel}","templated":true}]}}