{"id":8605,"date":"2025-02-11T10:15:23","date_gmt":"2025-02-11T09:15:23","guid":{"rendered":"https:\/\/julietterobert.com\/en-ce-moment\/"},"modified":"2025-02-11T10:23:40","modified_gmt":"2025-02-11T09:23:40","slug":"now","status":"publish","type":"page","link":"https:\/\/julietterobert.com\/en\/now\/","title":{"rendered":"Now"},"content":{"rendered":"<p><em>Last update : Feb. 11 2025<\/em><\/p>\n<p>Je travaille toujours avec mes chouchou\u00b7tes de <a href=\"https:\/\/youpress.fr\">Youpress<\/a> et aussi ceux d&#8217;<a href=\"https:\/\/www.haythampictures.com\">Haytham Pictures<\/a>. On a sorti une grosse enqu\u00eate <a href=\"https:\/\/www.mediapart.fr\/journal\/dossier\/international\/femmes-abattre\">&#8220;Femmes \u00e0 abattre&#8221;<\/a> sur les f\u00e9minicides politiques dont on est super fi\u00e8r\u00b7es. Parfois, Le Monde, ou R\u00e9a ou d&#8217;autres me commandent des portraits ou des reportages. Et je me suis mise \u00e0 \u00e9crire des articles aussi, c&#8217;est assez pratique.<br \/>\nJe regarde ma fille pousser comme une herbe folle, c&#8217;est 92% de mignonnerie, 2836 km de fatigue, 1d20 Skill check de patience, et beaucoup de rigolade.<\/p>\n<h6>FAIRE DES PHOTOS<\/h6>\n<p>Je me suis remise \u00e0 la photo argentique, comme \u00e7a, mille ans apr\u00e8s la hype. J&#8217;avais install\u00e9 un labo N&amp;B \u00e0 la campagne en 2020, mais j&#8217;avais envie de couleurs. J&#8217;ai d\u00e9couvert toutes les \u00e9mulsions bazard\u00e9es par les fabricants (spoiler, la plupart)(Fuji a arr\u00eat\u00e9 ses films en 800 et 1600 et ses diapos, Kodak quasi toutes ses diapos et les variantes de Portra), et le prix absolument ind\u00e9cent des films restants (10 balles la Kodak Gold, wtf). Malgr\u00e9 \u00e7a&#8230; \u00e7a m&#8217;a repris, j&#8217;ai rachet\u00e9 des t\u00e9l\u00e9m\u00e9triques, fait r\u00e9parer mon M6, et ressorti mes vieux films conserv\u00e9s plus ou moins au frais. Et \u00e7a va, c&#8217;est pas trop moche, \u00e7a me sort de mes habitudes, bref \u00e7a m&#8217;amuse et c&#8217;\u00e9tait le but.<\/p>\n<p>J&#8217;ai aussi replong\u00e9 pour ranger mes archives, red\u00e9couvert des photos non scann\u00e9es, oubli\u00e9es. Depuis je scanne, je range, \u00e7a avance tranquillement.<\/p>\n<h6>VADROUILLER<\/h6>\n<p>Je vais moins \u00e0 Paris et \u00e7a me manque, et la question se pose toujours de voyager loin pour le travail. Mais j&#8217;ai commenc\u00e9 l&#8217;ann\u00e9e en cramant mon bilan carbone dans un voyage \u00e0 la Nouvelle-Orl\u00e9ans. Il a neig\u00e9, \u00e7a valait le coup.<br \/>\nDeuxi\u00e8me \u00e9t\u00e9 aussi qu&#8217;on traverse l&#8217;Europe en van VW. On va pas vite, on voit du paysage, c&#8217;est un vieux diesel qui fume, mais au moins c&#8217;est pas l&#8217;avion ?<br \/>\nEt je continue les photos de voyages pour mon agence, 3 semaines de pluie en Irlande en juin, c&#8217;\u00e9tait super. Mais c&#8217;est joli l&#8217;Irlande. Mais c&#8217;est mouill\u00e9.<\/p>\n<h6>LIRE<\/h6>\n<p>Beaucoup de SFF et d&#8217;autres choses aussi. A voir par l\u00e0 https:\/\/lire.boitam.eu\/user\/ju<\/p>\n<h6>MARMONNER<\/h6>\n<p>Peut-\u00eatre bien que mon blog va revenir. J&#8217;ai trouv\u00e9 un fix mal\u00e9fique pour en r\u00e9parer un bout, il ne reste plus qu&#8217;\u00e0 trouver le calme et mettre des pens\u00e9es en ordre.<\/p>\n<h6>ET PUIS AUSSI<\/h6>\n<p>Je r\u00e9organise ma mani\u00e8re de travailler pour \u00eatre un peu plus efficace et d\u00e9gager du temps pour lire et jouer sans la culpabilit\u00e9 du freelance qui freelance pas assez.<br \/>\nJ&#8217;ai aussi plus de zines dans la t\u00eate \u00e0 mettre en forme et sur papier, une boutique un peu plus fournie, plus abordable. Comme l&#8217;envie de prendre un peu des chemins de traverse, comme quand j&#8217;ai fait des illustrations journalistiques en cyanotype.<\/p>\n<p><em>La page \/Now (ou En ce moment) est un petit r\u00e9cap&#8217; de l\u00e0 o\u00f9 j&#8217;en suis dans ma vie. Un peu comme quand on reprend un jeu vid\u00e9o apr\u00e8s des mois et qu&#8217;on a oubli\u00e9 o\u00f9 on est et ce qu&#8217;on fiche. Il faudrait une page Now pour les jeux aussi je pense. IL y a plein d&#8217;autres pages Now par ici <a href=\"https:\/\/encemoment.site\/\">https:\/\/encemoment.site\/<\/a>. <\/em><\/p>\n","protected":false},"excerpt":{"rendered":"<p>Last update : Feb. 11 2025 Je travaille toujours avec mes chouchou\u00b7tes de Youpress et aussi ceux d&#8217;Haytham Pictures. On a sorti une grosse enqu\u00eate &#8220;Femmes \u00e0 abattre&#8221; sur les f\u00e9minicides politiques dont on est super fi\u00e8r\u00b7es. Parfois, Le Monde, ou R\u00e9a ou d&#8217;autres me commandent des portraits ou des reportages. Et je me suis [&hellip;]<\/p>\n","protected":false},"author":1,"featured_media":0,"parent":0,"menu_order":0,"comment_status":"closed","ping_status":"closed","template":"","meta":{"footnotes":""},"class_list":["post-8605","page","type-page","status-publish","hentry"],"jetpack_shortlink":"https:\/\/wp.me\/PGmqD-2eN","_links":{"self":[{"href":"https:\/\/julietterobert.com\/en\/wp-json\/wp\/v2\/pages\/8605","targetHints":{"allow":["GET"]}}],"collection":[{"href":"https:\/\/julietterobert.com\/en\/wp-json\/wp\/v2\/pages"}],"about":[{"href":"https:\/\/julietterobert.com\/en\/wp-json\/wp\/v2\/types\/page"}],"author":[{"embeddable":true,"href":"https:\/\/julietterobert.com\/en\/wp-json\/wp\/v2\/users\/1"}],"replies":[{"embeddable":true,"href":"https:\/\/julietterobert.com\/en\/wp-json\/wp\/v2\/comments?post=8605"}],"version-history":[{"count":2,"href":"https:\/\/julietterobert.com\/en\/wp-json\/wp\/v2\/pages\/8605\/revisions"}],"predecessor-version":[{"id":8609,"href":"https:\/\/julietterobert.com\/en\/wp-json\/wp\/v2\/pages\/8605\/revisions\/8609"}],"wp:attachment":[{"href":"https:\/\/julietterobert.com\/en\/wp-json\/wp\/v2\/media?parent=8605"}],"curies":[{"name":"wp","href":"https:\/\/api.w.org\/{rel}","templated":true}]}}